{"id":1052,"date":"2017-05-03T11:10:15","date_gmt":"2017-05-03T09:10:15","guid":{"rendered":"http:\/\/www.trademaksrl.com\/azienda\/"},"modified":"2026-01-20T13:54:59","modified_gmt":"2026-01-20T12:54:59","slug":"unternehmen","status":"publish","type":"page","link":"https:\/\/www.trademaksrl.com\/de\/unternehmen\/","title":{"rendered":"Unternehmen"},"content":{"rendered":"<h2 data-path-to-node=\"16\">JEDE MASCHINE EIN MEISTERWERK DES ENGINEERINGS<\/h2>\n<p data-path-to-node=\"17\">Jede Maschine, die wir ausliefern, ist das Ergebnis eines konstanten Strebens nach Exzellenz. Durch einen kontinuierlichen Innovationsprozess und den Einsatz modernster Technologien setzen wir neue Qualit\u00e4tsma\u00dfst\u00e4be und erf\u00fcllen die spezifischen Anforderungen intensiver Produktionszyklen oder spezialisierter Bearbeitungen mit hoher Wertsch\u00f6pfung.<\/p>\n<h3 data-path-to-node=\"18\">\u00dcBER UNS<\/h3>\n<p data-path-to-node=\"19\"><b data-path-to-node=\"19\" data-index-in-node=\"0\">Seit \u00fcber 40 Jahren Innovatoren in der Holzbearbeitung.<\/b> Entstanden aus der Leidenschaft f\u00fcr Holz und dem Willen, zukunftsweisende L\u00f6sungen anzubieten, haben wir uns eine solide Marktposition im Bereich der <b data-path-to-node=\"19\" data-index-in-node=\"206\">Erstbearbeitung von Holz<\/b> aufgebaut. Heute sind wir mit weltweit \u00fcber <b data-path-to-node=\"19\" data-index-in-node=\"275\">5.000 zufriedenen Kunden<\/b> ein Bezugspunkt f\u00fcr alle, die zuverl\u00e4ssige und leistungsstarke Maschinen suchen.<\/p>\n<p data-path-to-node=\"20\"><b data-path-to-node=\"20\" data-index-in-node=\"0\">Unsere St\u00e4rke: Innovation im Dienste Ihrer Anforderungen.<\/b><\/p>\n<ul data-path-to-node=\"21\">\n<li>\n<p data-path-to-node=\"21,0,0\"><b data-path-to-node=\"21,0,0\" data-index-in-node=\"0\">Ma\u00dfgeschneiderte L\u00f6sungen:<\/b> Dank neuester Technologien entwickeln und fertigen wir Maschinen nach Ma\u00df, die perfekt auf Ihre spezifischen Produktionsanforderungen zugeschnitten sind.<\/p>\n<\/li>\n<li>\n<p data-path-to-node=\"21,1,0\"><b data-path-to-node=\"21,1,0\" data-index-in-node=\"0\">Zertifizierte Qualit\u00e4t:<\/b> Jede unserer Maschinen wird aus hochwertigen Komponenten gefertigt und strengen Kontrollen unterzogen, was maximale Zuverl\u00e4ssigkeit und Langlebigkeit garantiert.<\/p>\n<\/li>\n<li>\n<p data-path-to-node=\"21,2,0\"><b data-path-to-node=\"21,2,0\" data-index-in-node=\"0\">Umfassender Service:<\/b> Wir bieten einen exzellenten Vor- und Nachverkaufsservice mit hochqualifizierten Technikern, die Sie in jeder Phase unterst\u00fctzen.<\/p>\n<\/li>\n<\/ul>\n<h3 data-path-to-node=\"22\">MADE IN ITALY, DAS DEN UNTERSCHIED MACHT<\/h3>\n<p data-path-to-node=\"23\">Unsere Produktion, die vollst\u00e4ndig in Italien erfolgt, steht f\u00fcr Qualit\u00e4t, Zuverl\u00e4ssigkeit und Design. Wir exportieren unsere Maschinen weltweit, vor allem in rohstoffreiche L\u00e4nder, in denen unsere Marke als Garant f\u00fcr Exzellenz anerkannt ist.<\/p>\n<p data-path-to-node=\"24\"><b data-path-to-node=\"24\" data-index-in-node=\"0\">Warum Sie uns w\u00e4hlen sollten?<\/b> Erfahrung | Qualit\u00e4t | Service | Technologie | Zuverl\u00e4ssigkeit<\/p>\n<p data-path-to-node=\"25\"><b data-path-to-node=\"25\" data-index-in-node=\"0\">Unsere Werte<\/b><\/p>\n<ul data-path-to-node=\"26\">\n<li>\n<p data-path-to-node=\"26,0,0\"><b data-path-to-node=\"26,0,0\" data-index-in-node=\"0\">Leidenschaft:<\/b> F\u00fcr unsere Arbeit und f\u00fcr das Holz.<\/p>\n<\/li>\n<li>\n<p data-path-to-node=\"26,1,0\"><b data-path-to-node=\"26,1,0\" data-index-in-node=\"0\">Innovation:<\/b> Kontinuierliche Suche nach neuen L\u00f6sungen und Technologien.<\/p>\n<\/li>\n<li>\n<p data-path-to-node=\"26,2,0\"><b data-path-to-node=\"26,2,0\" data-index-in-node=\"0\">Pr\u00e4zision:<\/b> Hohe Produktionsstandards und Liebe zum Detail.<\/p>\n<\/li>\n<li>\n<p data-path-to-node=\"26,3,0\"><b data-path-to-node=\"26,3,0\" data-index-in-node=\"0\">Kunde:<\/b> Im Mittelpunkt unseres gesamten Handelns.<\/p>\n<\/li>\n<\/ul>\n","protected":false},"excerpt":{"rendered":"<p>JEDE MASCHINE EIN MEISTERWERK DES ENGINEERINGS Jede Maschine, die wir ausliefern, ist das Ergebnis eines konstanten Strebens nach Exzellenz. Durch einen kontinuierlichen Innovationsprozess und den Einsatz modernster Technologien setzen wir neue Qualit\u00e4tsma\u00dfst\u00e4be und erf\u00fcllen die spezifischen Anforderungen intensiver Produktionszyklen oder spezialisierter Bearbeitungen mit hoher Wertsch\u00f6pfung. \u00dcBER UNS Seit \u00fcber 40 Jahren Innovatoren in der Holzbearbeitung&#8230;.<\/p>\n","protected":false},"author":1,"featured_media":12673,"parent":0,"menu_order":0,"comment_status":"closed","ping_status":"closed","template":"","meta":{"footnotes":""},"class_list":["post-1052","page","type-page","status-publish","has-post-thumbnail","hentry"],"_links":{"self":[{"href":"https:\/\/www.trademaksrl.com\/de\/wp-json\/wp\/v2\/pages\/1052","targetHints":{"allow":["GET"]}}],"collection":[{"href":"https:\/\/www.trademaksrl.com\/de\/wp-json\/wp\/v2\/pages"}],"about":[{"href":"https:\/\/www.trademaksrl.com\/de\/wp-json\/wp\/v2\/types\/page"}],"author":[{"embeddable":true,"href":"https:\/\/www.trademaksrl.com\/de\/wp-json\/wp\/v2\/users\/1"}],"replies":[{"embeddable":true,"href":"https:\/\/www.trademaksrl.com\/de\/wp-json\/wp\/v2\/comments?post=1052"}],"version-history":[{"count":3,"href":"https:\/\/www.trademaksrl.com\/de\/wp-json\/wp\/v2\/pages\/1052\/revisions"}],"predecessor-version":[{"id":12958,"href":"https:\/\/www.trademaksrl.com\/de\/wp-json\/wp\/v2\/pages\/1052\/revisions\/12958"}],"wp:featuredmedia":[{"embeddable":true,"href":"https:\/\/www.trademaksrl.com\/de\/wp-json\/wp\/v2\/media\/12673"}],"wp:attachment":[{"href":"https:\/\/www.trademaksrl.com\/de\/wp-json\/wp\/v2\/media?parent=1052"}],"curies":[{"name":"wp","href":"https:\/\/api.w.org\/{rel}","templated":true}]}}